{"id":205,"date":"2023-04-21T15:38:22","date_gmt":"2023-04-21T15:38:22","guid":{"rendered":"http:\/\/mecanitzatsrullo.com\/?page_id=205"},"modified":"2023-05-26T06:58:10","modified_gmt":"2023-05-26T06:58:10","slug":"mecanizado-convencional","status":"publish","type":"page","link":"http:\/\/mecanitzatsrullo.com\/ca\/mecanizado-convencional\/","title":{"rendered":"Mecanitzat convencional"},"content":{"rendered":"<p><h1>Mecanitzat convencional<\/h1><br>hide<br>zoomIn<br><br>A Mecanitzats Rullo comptem amb una llarga traject\u00f2ria al mecanitzat convencional, una t\u00e8cnica tradicional que ens permet treballar amb una \u00e0mplia varietat de materials i oferir solucions de mecanitzat a mida per a cadascun dels nostres clients.\r<br>A la mecanitzaci\u00f3 convencional utilitzem t\u00e8cniques manuals i eines de tall per donar forma a les peces. Aquesta t\u00e8cnica requereix un alt nivell de coneixement i experi\u00e8ncia per part dels nostres professionals, cosa que ens permet obtenir peces d'alta qualitat i precisi\u00f3, fins i tot en s\u00e8ries curtes o peces \u00faniques.\r<br>A Mecanitzats Rullo som experts en t\u00e8cniques de mecanitzat tradicionals com el tornejat, el fresat, el trepat, la mortatjadora, la roscadora i la serra, entre d'altres. Aix\u00f2 ens permet treballar amb una \u00e0mplia varietat de materials com acers, alumini, bronze, llaut\u00f3, pl\u00e0stics t\u00e8cnics, entre d'altres.<br>hide<br>fadeInLeft<br><br>A m\u00e9s, a Mecanitzats Rullo ens assegurem de mantenir el nostre parc de maquin\u00e0ria i eines en \u00f2ptimes condicions, per garantir la qualitat i la precisi\u00f3 en cadascun dels nostres treballs.\r<br>A Mecanitzats Rullo comptem amb una \u00e0mplia experi\u00e8ncia en la mecanitzaci\u00f3 convencional i estem compromesos amb oferir solucions de mecanitzat personalitzades i adaptades a les necessitats de cadascun dels nostres clients. Gr\u00e0cies a la nostra experi\u00e8ncia i els nostres coneixements t\u00e8cnics, som una empresa l\u00edder al nostre sector i una garantia de qualitat i precisi\u00f3 en la mecanitzaci\u00f3.\r<br>En definitiva, a Mecanitzats Rullo som una empresa din\u00e0mica, flexible i compromesa amb la satisfacci\u00f3 dels nostres clients, oferint solucions de mecanitzat adaptades a les necessitats de cadascun, ja siguin s\u00e8ries curtes o llargues, peces \u00faniques o complexes.<br>hide<br>fadeInRight<br><br>\t\t\t<rs-module-wrap id=\"rev_slider_error_1_wrapper\">\n\t\t\t\t<rs-module id=\"rev_slider_error_1\">\n\t\t\t\t\t<div class=\"rs_error_message_box\">\n\t\t\t\t\t\t<div class=\"rs_error_message_oops\">Oops...<\/div>\n\t\t\t\t\t\t<div class=\"rs_error_message_content\">Slider with alias alias=&quot;slider-1&quot; not found.<\/div>\n\t\t\t\t\t<\/div>\n\t\t\t\t<\/rs-module>\n\t\t\t<\/rs-module-wrap>\n\t\t\t<script>\n\t\t\t\tvar rs_eslider = document.getElementById(\"rev_slider_error_1\");\n\t\t\t\trs_eslider.style.display = \"none\";\n\t\t\t\tconsole.log(\"Slider with alias alias=&quot;slider-1&quot; not found.\");\n\t\t\t<\/script>\n<br>hide<br><br><h2>Especialistes en mecanitzat convencional<\/h2>\r<br><hr class=\"no_line\" style=\"margin: 0 auto 0px auto\"\/>\n\r<br><h5>Oferim una \u00e0mplia gamma de serveis de mecanitzat adaptats a les necessitats de cadascun dels nostres clients.<\/h5><br>Heading<br>no-repeat;left top;;<br>auto<br>30px<br><br>40<br>#dbe3e0<br><br>A <a href=\"http:\/\/mecanitzatsrullo.com\/ca\/\">Mecanitzats Rullo<\/a> oferim una \u00e0mplia gamma de serveis de mecanitzaci\u00f3 adaptat a les necessitats de cadascun dels nostres clients. Som especialistes en la convencionals de mecanitzat, per\u00f2 aquest suport tamb\u00e9 est\u00e0 disponible <a href=\"https:\/\/www.mecanizadosgarrigues.es\/blog\/que-es-fresadora-cnc\/\">CNC<\/a> tant fresat com un torn, que ens permet oferir solucions d&#039;alt mecanitzat de precisi\u00f3 i qualitat.<br>Heading<br>no-repeat;left top;;<br>auto<br><br><h2>95%<\/h2>\r<br>De treballs efectius duts a terme per professionals del sector.\u00a0<br>Heading + desc<br>#105d42<br>no-repeat;left top;;<br>auto<br>0px<br>60px 60px 45px<br><br><h2>10.000<\/h2>\r<br>Peces de tota mena, fets per empreses d&#039;arreu d&#039;europa.<br>Heading + desc<br>#040406<br>no-repeat;left top;;<br>auto<br>60px<br><br>400<br><br><h2>Mecanitzat convencional<\/h2>\r<br><hr class=\"no_line\" style=\"margin: 0 auto 0px auto\"\/>\n\r<br>En Mecanitzats Rullo som experts en la mecanitzaci\u00f3 de les t\u00e8cniques tradicionals que ens permeten treballar amb una gran varietat de materials incloent-hi els acers, alumini, bronze, llaut\u00f3, pl\u00e0stics t\u00e8cnics, entre d&#039;altres.\r<br><hr class=\"no_line\" style=\"margin: 0 auto 0px auto\"\/>\n <a class=\"button  button_size_2\"  href=\"\"    ><span class=\"button_label\">Button<\/span><\/a>\n<br>Heading + desc<br>center<br>no-repeat;left top;;<br>auto<br><br><h2>Mecanitzat CNC<\/h2>\r<br><hr class=\"no_line\" style=\"margin: 0 auto 0px auto\"\/>\n\r<br>En Mecanitzats Rullo tenim un equip de professionals altament qualificats i d&#039;un ampli parc de maquin\u00e0ria CNC que ens permet realitzar d&#039;alta precisi\u00f3, treball i qualitat en la m\u00f2lta i desviar-nos.\r<br><hr class=\"no_line\" style=\"margin: 0 auto 0px auto\"\/>\n <a class=\"button  button_size_2\"  href=\"\"    ><span class=\"button_label\">Button<\/span><\/a>\n<br>Heading + desc<br>center<br>no-repeat;left top;;<br>auto<br><br>400<br><br>400<br><br><h2>Fabricaci\u00f3 de peces de precisi\u00f3<\/h2>\r<br><hr class=\"no_line\" style=\"margin: 0 auto 0px auto\"\/>\n\r<br>En Mecanitzats Rullo estem orgullosos de ser capa\u00e7 d&#039;oferir solucions d&#039;alta precisi\u00f3 de mecanitzat per a tot tipus de peces, ja sigui en petites s\u00e8ries o peces \u00faniques.\r<br><hr class=\"no_line\" style=\"margin: 0 auto 0px auto\"\/>\n <a class=\"button  button_size_2\"  href=\"\"    ><span class=\"button_label\">Button<\/span><\/a>\n<br>Heading + desc<br>center<br>no-repeat;left top;;<br>auto<br><br><h2>Disseny i desenvolupament de prototips<\/h2>\r<br><hr class=\"no_line\" style=\"margin: 0 auto 0px auto\"\/>\n\r<br>En Mecanitzats Rullo som una empresa que aposta per la innovaci\u00f3 i la tecnologia, per aix\u00f2 oferim un servei de disseny i desenvolupament de prototips per als nostres clients a materialitzar les seves idees i projectes de manera r\u00e0pida i efica\u00e7.\r<br><hr class=\"no_line\" style=\"margin: 0 auto 0px auto\"\/>\n <a class=\"button  button_size_2\"  href=\"\"    ><span class=\"button_label\">Button<\/span><\/a>\n<br>Heading + desc<br>center<br>no-repeat;left top;;<br>auto<br><br>400<br><br>\t\t\t<rs-module-wrap id=\"rev_slider_error_2_wrapper\">\n\t\t\t\t<rs-module id=\"rev_slider_error_2\">\n\t\t\t\t\t<div class=\"rs_error_message_box\">\n\t\t\t\t\t\t<div class=\"rs_error_message_oops\">Oops...<\/div>\n\t\t\t\t\t\t<div class=\"rs_error_message_content\">Slider with alias alias=&quot;fullscreen-menu&quot; not found.<\/div>\n\t\t\t\t\t<\/div>\n\t\t\t\t<\/rs-module>\n\t\t\t<\/rs-module-wrap>\n\t\t\t<script>\n\t\t\t\tvar rs_eslider = document.getElementById(\"rev_slider_error_2\");\n\t\t\t\trs_eslider.style.display = \"none\";\n\t\t\t\tconsole.log(\"Slider with alias alias=&quot;fullscreen-menu&quot; not found.\");\n\t\t\t<\/script>\n<br>hide<br><br><h2>Les preguntes?<\/h2>\r<br><div class=\"mfn_heading  align_left\"><h2 class=\"title\" > +34\u00a0 937 13 18 16 284<\/h2><\/div>\n\r<br><h2>Truqueu-nos<\/h2>\r<br><hr class=\"no_line\" style=\"margin: 0 auto 0px auto\"\/>\n <a class=\"button  button_size_2\"  href=\"\"    ><span class=\"button_label\">Button<\/span><\/a>\n <a class=\"button  button_size_2\"  href=\"\"    ><span class=\"button_label\">Button<\/span><\/a>\n<br>Heading + buttons<br>center<br>no-repeat;left top;;<br>auto<br><br><\/p>","protected":false},"excerpt":{"rendered":"<p>Mecanizado convencional hidezoomIn En Mecanitzats Rullo contamos con una larga trayectoria en el mecanizado convencional, una t\u00e9cnica tradicional que nos permite trabajar con una amplia variedad&hellip; <a class=\"continue\" href=\"http:\/\/mecanitzatsrullo.com\/ca\/mecanizado-convencional\/\">Continue Reading<span> Mecanitzat convencional<\/span><\/a><\/p>","protected":false},"author":1,"featured_media":0,"parent":0,"menu_order":0,"comment_status":"open","ping_status":"closed","template":"","meta":{"footnotes":""},"class_list":["post-205","page","type-page","status-publish","hentry"],"yoast_head":"<!-- This site is optimized with the Yoast SEO Premium plugin v20.5 (Yoast SEO v20.5) - https:\/\/yoast.com\/wordpress\/plugins\/seo\/ -->\n<title>Mecanizado convencional - Mecanitzats Rullo<\/title>\n<meta name=\"description\" content=\"\u00a1Bienvenido a Mecanitzats Rullo! Tu empresa de mecanizados en Poliny\u00e1. Tenemos todo tipo de servicios de mecanizados.\" \/>\n<meta name=\"robots\" content=\"index, follow, max-snippet:-1, max-image-preview:large, max-video-preview:-1\" \/>\n<link rel=\"canonical\" href=\"http:\/\/mecanitzatsrullo.com\/ca\/mecanizado-convencional\/\" \/>\n<meta property=\"og:locale\" content=\"ca_ES\" \/>\n<meta property=\"og:type\" content=\"article\" \/>\n<meta property=\"og:title\" content=\"Mecanizado convencional\" \/>\n<meta property=\"og:description\" content=\"\u00a1Bienvenido a Mecanitzats Rullo! Tu empresa de mecanizados en Poliny\u00e1. Tenemos todo tipo de servicios de mecanizados.\" \/>\n<meta property=\"og:url\" content=\"http:\/\/mecanitzatsrullo.com\/ca\/mecanizado-convencional\/\" \/>\n<meta property=\"og:site_name\" content=\"Mecanitzats Rullo\" \/>\n<meta property=\"article:modified_time\" content=\"2023-05-26T06:58:10+00:00\" \/>\n<meta name=\"twitter:card\" content=\"summary_large_image\" \/>\n<meta name=\"twitter:label1\" content=\"Temps estimat de lectura\" \/>\n\t<meta name=\"twitter:data1\" content=\"4 minuts\" \/>\n<script type=\"application\/ld+json\" class=\"yoast-schema-graph\">{\"@context\":\"https:\/\/schema.org\",\"@graph\":[{\"@type\":\"WebPage\",\"@id\":\"https:\/\/mecanitzatsrullo.com\/mecanizado-convencional\/\",\"url\":\"https:\/\/mecanitzatsrullo.com\/mecanizado-convencional\/\",\"name\":\"Mecanizado convencional - Mecanitzats Rullo\",\"isPartOf\":{\"@id\":\"http:\/\/mecanitzatsrullo.com\/#website\"},\"datePublished\":\"2023-04-21T15:38:22+00:00\",\"dateModified\":\"2023-05-26T06:58:10+00:00\",\"description\":\"\u00a1Bienvenido a Mecanitzats Rullo! Tu empresa de mecanizados en Poliny\u00e1. Tenemos todo tipo de servicios de mecanizados.\",\"breadcrumb\":{\"@id\":\"https:\/\/mecanitzatsrullo.com\/mecanizado-convencional\/#breadcrumb\"},\"inLanguage\":\"ca\",\"potentialAction\":[{\"@type\":\"ReadAction\",\"target\":[\"https:\/\/mecanitzatsrullo.com\/mecanizado-convencional\/\"]}]},{\"@type\":\"BreadcrumbList\",\"@id\":\"https:\/\/mecanitzatsrullo.com\/mecanizado-convencional\/#breadcrumb\",\"itemListElement\":[{\"@type\":\"ListItem\",\"position\":1,\"name\":\"Home\",\"item\":\"https:\/\/mecanitzatsrullo.com\/\"},{\"@type\":\"ListItem\",\"position\":2,\"name\":\"Mecanizado convencional\"}]},{\"@type\":\"WebSite\",\"@id\":\"http:\/\/mecanitzatsrullo.com\/#website\",\"url\":\"http:\/\/mecanitzatsrullo.com\/\",\"name\":\"Mecanitzats Rullo\",\"description\":\"Tu empresa de mecanizados\",\"publisher\":{\"@id\":\"http:\/\/mecanitzatsrullo.com\/#organization\"},\"potentialAction\":[{\"@type\":\"SearchAction\",\"target\":{\"@type\":\"EntryPoint\",\"urlTemplate\":\"http:\/\/mecanitzatsrullo.com\/?s={search_term_string}\"},\"query-input\":\"required name=search_term_string\"}],\"inLanguage\":\"ca\"},{\"@type\":\"Organization\",\"@id\":\"http:\/\/mecanitzatsrullo.com\/#organization\",\"name\":\"Mecanitzats Rullo\",\"url\":\"http:\/\/mecanitzatsrullo.com\/\",\"logo\":{\"@type\":\"ImageObject\",\"inLanguage\":\"ca\",\"@id\":\"http:\/\/mecanitzatsrullo.com\/#\/schema\/logo\/image\/\",\"url\":\"http:\/\/mecanitzatsrullo.com\/wp-content\/uploads\/2023\/04\/cropped-cropped-Black_And_White_Professional_Concept_Design_Workshop_And_Modification_Logo-removebg-preview.png\",\"contentUrl\":\"http:\/\/mecanitzatsrullo.com\/wp-content\/uploads\/2023\/04\/cropped-cropped-Black_And_White_Professional_Concept_Design_Workshop_And_Modification_Logo-removebg-preview.png\",\"width\":512,\"height\":512,\"caption\":\"Mecanitzats Rullo\"},\"image\":{\"@id\":\"http:\/\/mecanitzatsrullo.com\/#\/schema\/logo\/image\/\"}}]}<\/script>\n<!-- \/ Yoast SEO Premium plugin. -->","yoast_head_json":{"title":"Mecanizado convencional - Mecanitzats Rullo","description":"\u00a1Bienvenido a Mecanitzats Rullo! Tu empresa de mecanizados en Poliny\u00e1. Tenemos todo tipo de servicios de mecanizados.","robots":{"index":"index","follow":"follow","max-snippet":"max-snippet:-1","max-image-preview":"max-image-preview:large","max-video-preview":"max-video-preview:-1"},"canonical":"http:\/\/mecanitzatsrullo.com\/ca\/mecanizado-convencional\/","og_locale":"ca_ES","og_type":"article","og_title":"Mecanizado convencional","og_description":"\u00a1Bienvenido a Mecanitzats Rullo! Tu empresa de mecanizados en Poliny\u00e1. Tenemos todo tipo de servicios de mecanizados.","og_url":"http:\/\/mecanitzatsrullo.com\/ca\/mecanizado-convencional\/","og_site_name":"Mecanitzats Rullo","article_modified_time":"2023-05-26T06:58:10+00:00","twitter_card":"summary_large_image","twitter_misc":{"Temps estimat de lectura":"4 minuts"},"schema":{"@context":"https:\/\/schema.org","@graph":[{"@type":"WebPage","@id":"https:\/\/mecanitzatsrullo.com\/mecanizado-convencional\/","url":"https:\/\/mecanitzatsrullo.com\/mecanizado-convencional\/","name":"Mecanizado convencional - Mecanitzats Rullo","isPartOf":{"@id":"http:\/\/mecanitzatsrullo.com\/#website"},"datePublished":"2023-04-21T15:38:22+00:00","dateModified":"2023-05-26T06:58:10+00:00","description":"\u00a1Bienvenido a Mecanitzats Rullo! Tu empresa de mecanizados en Poliny\u00e1. Tenemos todo tipo de servicios de mecanizados.","breadcrumb":{"@id":"https:\/\/mecanitzatsrullo.com\/mecanizado-convencional\/#breadcrumb"},"inLanguage":"ca","potentialAction":[{"@type":"ReadAction","target":["https:\/\/mecanitzatsrullo.com\/mecanizado-convencional\/"]}]},{"@type":"BreadcrumbList","@id":"https:\/\/mecanitzatsrullo.com\/mecanizado-convencional\/#breadcrumb","itemListElement":[{"@type":"ListItem","position":1,"name":"Home","item":"https:\/\/mecanitzatsrullo.com\/"},{"@type":"ListItem","position":2,"name":"Mecanizado convencional"}]},{"@type":"WebSite","@id":"http:\/\/mecanitzatsrullo.com\/#website","url":"http:\/\/mecanitzatsrullo.com\/","name":"Mecanitzats Rullo","description":"Tu empresa de mecanizados","publisher":{"@id":"http:\/\/mecanitzatsrullo.com\/#organization"},"potentialAction":[{"@type":"SearchAction","target":{"@type":"EntryPoint","urlTemplate":"http:\/\/mecanitzatsrullo.com\/?s={search_term_string}"},"query-input":"required name=search_term_string"}],"inLanguage":"ca"},{"@type":"Organization","@id":"http:\/\/mecanitzatsrullo.com\/#organization","name":"Mecanitzats Rullo","url":"http:\/\/mecanitzatsrullo.com\/","logo":{"@type":"ImageObject","inLanguage":"ca","@id":"http:\/\/mecanitzatsrullo.com\/#\/schema\/logo\/image\/","url":"http:\/\/mecanitzatsrullo.com\/wp-content\/uploads\/2023\/04\/cropped-cropped-Black_And_White_Professional_Concept_Design_Workshop_And_Modification_Logo-removebg-preview.png","contentUrl":"http:\/\/mecanitzatsrullo.com\/wp-content\/uploads\/2023\/04\/cropped-cropped-Black_And_White_Professional_Concept_Design_Workshop_And_Modification_Logo-removebg-preview.png","width":512,"height":512,"caption":"Mecanitzats Rullo"},"image":{"@id":"http:\/\/mecanitzatsrullo.com\/#\/schema\/logo\/image\/"}}]}},"_links":{"self":[{"href":"http:\/\/mecanitzatsrullo.com\/ca\/wp-json\/wp\/v2\/pages\/205","targetHints":{"allow":["GET"]}}],"collection":[{"href":"http:\/\/mecanitzatsrullo.com\/ca\/wp-json\/wp\/v2\/pages"}],"about":[{"href":"http:\/\/mecanitzatsrullo.com\/ca\/wp-json\/wp\/v2\/types\/page"}],"author":[{"embeddable":true,"href":"http:\/\/mecanitzatsrullo.com\/ca\/wp-json\/wp\/v2\/users\/1"}],"replies":[{"embeddable":true,"href":"http:\/\/mecanitzatsrullo.com\/ca\/wp-json\/wp\/v2\/comments?post=205"}],"version-history":[{"count":4,"href":"http:\/\/mecanitzatsrullo.com\/ca\/wp-json\/wp\/v2\/pages\/205\/revisions"}],"predecessor-version":[{"id":247,"href":"http:\/\/mecanitzatsrullo.com\/ca\/wp-json\/wp\/v2\/pages\/205\/revisions\/247"}],"wp:attachment":[{"href":"http:\/\/mecanitzatsrullo.com\/ca\/wp-json\/wp\/v2\/media?parent=205"}],"curies":[{"name":"wp","href":"https:\/\/api.w.org\/{rel}","templated":true}]}}