{"id":208,"date":"2023-04-21T15:45:03","date_gmt":"2023-04-21T15:45:03","guid":{"rendered":"http:\/\/mecanitzatsrullo.com\/?page_id=208"},"modified":"2023-05-26T06:59:30","modified_gmt":"2023-05-26T06:59:30","slug":"mecanizado-cnc","status":"publish","type":"page","link":"http:\/\/mecanitzatsrullo.com\/ca\/mecanizado-cnc\/","title":{"rendered":"Mecanitzat CNC"},"content":{"rendered":"<p><h1>Mecanitzat CNC<\/h1><br>hide<br>zoomIn<br><br>En Mecanitzats Rullo somos especialistas en el mecanizado CNC, una t\u00e9cnica de mecanizado avanzada que nos permite ofrecer soluciones de mecanizado de alta precisi\u00f3n y calidad en series largas y complejas. En nuestro taller disponemos de una amplia variedad de m\u00e1quinas CNC de \u00faltima generaci\u00f3n, tanto de fresado como de torneado, que nos permiten trabajar con una gran variedad de materiales como aceros, aluminio, bronce, lat\u00f3n, pl\u00e1sticos t\u00e9cnicos, entre otros.\r<br>El mecanitzat CNC es basa en el control num\u00e8ric de les m\u00e0quines, cosa que ens permet programar i automatitzar els processos de mecanitzat de forma precisa i personalitzada, garantint la precisi\u00f3 i la qualitat de cada pe\u00e7a. A m\u00e9s, gr\u00e0cies a la nostra experi\u00e8ncia i coneixement t\u00e8cnic, a Mecanitzats Rullo som capa\u00e7os de realitzar mecanitzats d'alta complexitat i amb geometries molt diverses, adaptant-nos a les necessitats de cadascun dels nostres clients.<br>hide<br>fadeInLeft<br><br>A Mecanitzats Rullo estem compromesos amb oferir als nostres clients solucions de mecanitzat personalitzades i adaptades a les seves necessitats, ja siguin s\u00e8ries llargues o curtes, peces \u00faniques o complexes. Gr\u00e0cies a la nostra experi\u00e8ncia en el mecanitzat CNC, som capa\u00e7os d'oferir solucions d'alta qualitat i precisi\u00f3 en cadascun dels nostres treballs, cosa que ens ha convertit en una empresa l\u00edder al sector del mecanitzat.\r<br>En definitiva, a Mecanitzats Rullo comptem amb la darrera tecnologia en m\u00e0quines CNC i un equip altament qualificat, cosa que ens permet oferir solucions de mecanitzat avan\u00e7ades i adaptades a les necessitats de cadascun dels nostres clients. Si cerques solucions de mecanitzat d'alta qualitat i precisi\u00f3, no dubtis en contactar amb nosaltres. A Mecanitzats Rullo estem compromesos amb la satisfacci\u00f3 dels nostres clients i oferim solucions de mecanitzat personalitzades i adaptades a les vostres necessitats.<br>hide<br>fadeInRight<br><br>\t\t\t<rs-module-wrap id=\"rev_slider_error_1_wrapper\">\n\t\t\t\t<rs-module id=\"rev_slider_error_1\">\n\t\t\t\t\t<div class=\"rs_error_message_box\">\n\t\t\t\t\t\t<div class=\"rs_error_message_oops\">Oops...<\/div>\n\t\t\t\t\t\t<div class=\"rs_error_message_content\">Slider with alias alias=&quot;slider-1&quot; not found.<\/div>\n\t\t\t\t\t<\/div>\n\t\t\t\t<\/rs-module>\n\t\t\t<\/rs-module-wrap>\n\t\t\t<script>\n\t\t\t\tvar rs_eslider = document.getElementById(\"rev_slider_error_1\");\n\t\t\t\trs_eslider.style.display = \"none\";\n\t\t\t\tconsole.log(\"Slider with alias alias=&quot;slider-1&quot; not found.\");\n\t\t\t<\/script>\n<br>hide<br><br><h2>Especialistes en mecanitzat convencional<\/h2>\r<br><hr class=\"no_line\" style=\"margin: 0 auto 0px auto\"\/>\n\r<br><h5>Oferim una \u00e0mplia gamma de serveis de mecanitzat adaptats a les necessitats de cadascun dels nostres clients.<\/h5><br>Heading<br>no-repeat;left top;;<br>auto<br>30px<br><br>40<br>#dbe3e0<br><br>A <a href=\"http:\/\/mecanitzatsrullo.com\/ca\/\">Mecanitzats Rullo<\/a> oferim una \u00e0mplia gamma de serveis de mecanitzaci\u00f3 adaptat a les necessitats de cadascun dels nostres clients. Som especialistes en la convencionals de mecanitzat, per\u00f2 aquest suport tamb\u00e9 est\u00e0 disponible <a href=\"https:\/\/www.mecanizadosgarrigues.es\/blog\/que-es-fresadora-cnc\/\">CNC<\/a> tant fresat com un torn, que ens permet oferir solucions d&#039;alt mecanitzat de precisi\u00f3 i qualitat.<br>Heading<br>no-repeat;left top;;<br>auto<br><br><h2>95%<\/h2>\r<br>De treballs efectius duts a terme per professionals del sector.\u00a0<br>Heading + desc<br>#105d42<br>no-repeat;left top;;<br>auto<br>0px<br>60px 60px 45px<br><br><h2>10.000<\/h2>\r<br>Peces de tota mena, fets per empreses d&#039;arreu d&#039;europa.<br>Heading + desc<br>#040406<br>no-repeat;left top;;<br>auto<br>60px<br><br>400<br><br><h2>Mecanitzat convencional<\/h2>\r<br><hr class=\"no_line\" style=\"margin: 0 auto 0px auto\"\/>\n\r<br>En Mecanitzats Rullo som experts en la mecanitzaci\u00f3 de les t\u00e8cniques tradicionals que ens permeten treballar amb una gran varietat de materials incloent-hi els acers, alumini, bronze, llaut\u00f3, pl\u00e0stics t\u00e8cnics, entre d&#039;altres.\r<br><hr class=\"no_line\" style=\"margin: 0 auto 0px auto\"\/>\n <a class=\"button  button_size_2\"  href=\"\"    ><span class=\"button_label\">Button<\/span><\/a>\n<br>Heading + desc<br>center<br>no-repeat;left top;;<br>auto<br><br><h2>Mecanitzat CNC<\/h2>\r<br><hr class=\"no_line\" style=\"margin: 0 auto 0px auto\"\/>\n\r<br>En Mecanitzats Rullo tenim un equip de professionals altament qualificats i d&#039;un ampli parc de maquin\u00e0ria CNC que ens permet realitzar d&#039;alta precisi\u00f3, treball i qualitat en la m\u00f2lta i desviar-nos.\r<br><hr class=\"no_line\" style=\"margin: 0 auto 0px auto\"\/>\n <a class=\"button  button_size_2\"  href=\"\"    ><span class=\"button_label\">Button<\/span><\/a>\n<br>Heading + desc<br>center<br>no-repeat;left top;;<br>auto<br><br>400<br><br>400<br><br><h2>Fabricaci\u00f3 de peces de precisi\u00f3<\/h2>\r<br><hr class=\"no_line\" style=\"margin: 0 auto 0px auto\"\/>\n\r<br>En Mecanitzats Rullo estem orgullosos de ser capa\u00e7 d&#039;oferir solucions d&#039;alta precisi\u00f3 de mecanitzat per a tot tipus de peces, ja sigui en petites s\u00e8ries o peces \u00faniques.\r<br><hr class=\"no_line\" style=\"margin: 0 auto 0px auto\"\/>\n <a class=\"button  button_size_2\"  href=\"\"    ><span class=\"button_label\">Button<\/span><\/a>\n<br>Heading + desc<br>center<br>no-repeat;left top;;<br>auto<br><br><h2>Disseny i desenvolupament de prototips<\/h2>\r<br><hr class=\"no_line\" style=\"margin: 0 auto 0px auto\"\/>\n\r<br>En Mecanitzats Rullo som una empresa que aposta per la innovaci\u00f3 i la tecnologia, per aix\u00f2 oferim un servei de disseny i desenvolupament de prototips per als nostres clients a materialitzar les seves idees i projectes de manera r\u00e0pida i efica\u00e7.\r<br><hr class=\"no_line\" style=\"margin: 0 auto 0px auto\"\/>\n <a class=\"button  button_size_2\"  href=\"\"    ><span class=\"button_label\">Button<\/span><\/a>\n<br>Heading + desc<br>center<br>no-repeat;left top;;<br>auto<br><br>400<br><br>\t\t\t<rs-module-wrap id=\"rev_slider_error_2_wrapper\">\n\t\t\t\t<rs-module id=\"rev_slider_error_2\">\n\t\t\t\t\t<div class=\"rs_error_message_box\">\n\t\t\t\t\t\t<div class=\"rs_error_message_oops\">Oops...<\/div>\n\t\t\t\t\t\t<div class=\"rs_error_message_content\">Slider with alias alias=&quot;fullscreen-menu&quot; not found.<\/div>\n\t\t\t\t\t<\/div>\n\t\t\t\t<\/rs-module>\n\t\t\t<\/rs-module-wrap>\n\t\t\t<script>\n\t\t\t\tvar rs_eslider = document.getElementById(\"rev_slider_error_2\");\n\t\t\t\trs_eslider.style.display = \"none\";\n\t\t\t\tconsole.log(\"Slider with alias alias=&quot;fullscreen-menu&quot; not found.\");\n\t\t\t<\/script>\n<br>hide<br><br><h2>Les preguntes?<\/h2>\r<br><div class=\"mfn_heading  align_left\"><h2 class=\"title\" > +34\u00a0 937 13 18 16 284<\/h2><\/div>\n\r<br><h2>Truqueu-nos<\/h2>\r<br><hr class=\"no_line\" style=\"margin: 0 auto 0px auto\"\/>\n <a class=\"button  button_size_2\"  href=\"\"    ><span class=\"button_label\">Button<\/span><\/a>\n <a class=\"button  button_size_2\"  href=\"\"    ><span class=\"button_label\">Button<\/span><\/a>\n<br>Heading + buttons<br>center<br>no-repeat;left top;;<br>auto<br><br><\/p>","protected":false},"excerpt":{"rendered":"<p>Mecanizado CNC hidezoomIn En Mecanitzats Rullo somos especialistas en el mecanizado CNC, una t\u00e9cnica de mecanizado avanzada que nos permite ofrecer soluciones de mecanizado de alta&hellip; <a class=\"continue\" href=\"http:\/\/mecanitzatsrullo.com\/ca\/mecanizado-cnc\/\">Continue Reading<span> Mecanitzat CNC<\/span><\/a><\/p>","protected":false},"author":1,"featured_media":0,"parent":0,"menu_order":0,"comment_status":"open","ping_status":"closed","template":"","meta":{"footnotes":""},"class_list":["post-208","page","type-page","status-publish","hentry"],"yoast_head":"<!-- This site is optimized with the Yoast SEO Premium plugin v20.5 (Yoast SEO v20.5) - https:\/\/yoast.com\/wordpress\/plugins\/seo\/ -->\n<title>Mecanizado CNC - Mecanitzats Rullo<\/title>\n<meta name=\"description\" content=\"\u00a1Bienvenido a Mecanitzats Rullo! Tu empresa de mecanizados en Poliny\u00e1. Tenemos todo tipo de servicios de mecanizados.\" \/>\n<meta name=\"robots\" content=\"index, follow, max-snippet:-1, max-image-preview:large, max-video-preview:-1\" \/>\n<link rel=\"canonical\" href=\"http:\/\/mecanitzatsrullo.com\/ca\/mecanizado-cnc\/\" \/>\n<meta property=\"og:locale\" content=\"ca_ES\" \/>\n<meta property=\"og:type\" content=\"article\" \/>\n<meta property=\"og:title\" content=\"Mecanizado CNC\" \/>\n<meta property=\"og:description\" content=\"\u00a1Bienvenido a Mecanitzats Rullo! Tu empresa de mecanizados en Poliny\u00e1. Tenemos todo tipo de servicios de mecanizados.\" \/>\n<meta property=\"og:url\" content=\"http:\/\/mecanitzatsrullo.com\/ca\/mecanizado-cnc\/\" \/>\n<meta property=\"og:site_name\" content=\"Mecanitzats Rullo\" \/>\n<meta property=\"article:modified_time\" content=\"2023-05-26T06:59:30+00:00\" \/>\n<meta name=\"twitter:card\" content=\"summary_large_image\" \/>\n<meta name=\"twitter:label1\" content=\"Temps estimat de lectura\" \/>\n\t<meta name=\"twitter:data1\" content=\"4 minuts\" \/>\n<script type=\"application\/ld+json\" class=\"yoast-schema-graph\">{\"@context\":\"https:\/\/schema.org\",\"@graph\":[{\"@type\":\"WebPage\",\"@id\":\"https:\/\/mecanitzatsrullo.com\/mecanizado-cnc\/\",\"url\":\"https:\/\/mecanitzatsrullo.com\/mecanizado-cnc\/\",\"name\":\"Mecanizado CNC - Mecanitzats Rullo\",\"isPartOf\":{\"@id\":\"http:\/\/mecanitzatsrullo.com\/#website\"},\"datePublished\":\"2023-04-21T15:45:03+00:00\",\"dateModified\":\"2023-05-26T06:59:30+00:00\",\"description\":\"\u00a1Bienvenido a Mecanitzats Rullo! Tu empresa de mecanizados en Poliny\u00e1. Tenemos todo tipo de servicios de mecanizados.\",\"breadcrumb\":{\"@id\":\"https:\/\/mecanitzatsrullo.com\/mecanizado-cnc\/#breadcrumb\"},\"inLanguage\":\"ca\",\"potentialAction\":[{\"@type\":\"ReadAction\",\"target\":[\"https:\/\/mecanitzatsrullo.com\/mecanizado-cnc\/\"]}]},{\"@type\":\"BreadcrumbList\",\"@id\":\"https:\/\/mecanitzatsrullo.com\/mecanizado-cnc\/#breadcrumb\",\"itemListElement\":[{\"@type\":\"ListItem\",\"position\":1,\"name\":\"Home\",\"item\":\"https:\/\/mecanitzatsrullo.com\/\"},{\"@type\":\"ListItem\",\"position\":2,\"name\":\"Mecanizado CNC\"}]},{\"@type\":\"WebSite\",\"@id\":\"http:\/\/mecanitzatsrullo.com\/#website\",\"url\":\"http:\/\/mecanitzatsrullo.com\/\",\"name\":\"Mecanitzats Rullo\",\"description\":\"Tu empresa de mecanizados\",\"publisher\":{\"@id\":\"http:\/\/mecanitzatsrullo.com\/#organization\"},\"potentialAction\":[{\"@type\":\"SearchAction\",\"target\":{\"@type\":\"EntryPoint\",\"urlTemplate\":\"http:\/\/mecanitzatsrullo.com\/?s={search_term_string}\"},\"query-input\":\"required name=search_term_string\"}],\"inLanguage\":\"ca\"},{\"@type\":\"Organization\",\"@id\":\"http:\/\/mecanitzatsrullo.com\/#organization\",\"name\":\"Mecanitzats Rullo\",\"url\":\"http:\/\/mecanitzatsrullo.com\/\",\"logo\":{\"@type\":\"ImageObject\",\"inLanguage\":\"ca\",\"@id\":\"http:\/\/mecanitzatsrullo.com\/#\/schema\/logo\/image\/\",\"url\":\"http:\/\/mecanitzatsrullo.com\/wp-content\/uploads\/2023\/04\/cropped-cropped-Black_And_White_Professional_Concept_Design_Workshop_And_Modification_Logo-removebg-preview.png\",\"contentUrl\":\"http:\/\/mecanitzatsrullo.com\/wp-content\/uploads\/2023\/04\/cropped-cropped-Black_And_White_Professional_Concept_Design_Workshop_And_Modification_Logo-removebg-preview.png\",\"width\":512,\"height\":512,\"caption\":\"Mecanitzats Rullo\"},\"image\":{\"@id\":\"http:\/\/mecanitzatsrullo.com\/#\/schema\/logo\/image\/\"}}]}<\/script>\n<!-- \/ Yoast SEO Premium plugin. -->","yoast_head_json":{"title":"Mecanizado CNC - Mecanitzats Rullo","description":"\u00a1Bienvenido a Mecanitzats Rullo! Tu empresa de mecanizados en Poliny\u00e1. Tenemos todo tipo de servicios de mecanizados.","robots":{"index":"index","follow":"follow","max-snippet":"max-snippet:-1","max-image-preview":"max-image-preview:large","max-video-preview":"max-video-preview:-1"},"canonical":"http:\/\/mecanitzatsrullo.com\/ca\/mecanizado-cnc\/","og_locale":"ca_ES","og_type":"article","og_title":"Mecanizado CNC","og_description":"\u00a1Bienvenido a Mecanitzats Rullo! Tu empresa de mecanizados en Poliny\u00e1. Tenemos todo tipo de servicios de mecanizados.","og_url":"http:\/\/mecanitzatsrullo.com\/ca\/mecanizado-cnc\/","og_site_name":"Mecanitzats Rullo","article_modified_time":"2023-05-26T06:59:30+00:00","twitter_card":"summary_large_image","twitter_misc":{"Temps estimat de lectura":"4 minuts"},"schema":{"@context":"https:\/\/schema.org","@graph":[{"@type":"WebPage","@id":"https:\/\/mecanitzatsrullo.com\/mecanizado-cnc\/","url":"https:\/\/mecanitzatsrullo.com\/mecanizado-cnc\/","name":"Mecanizado CNC - Mecanitzats Rullo","isPartOf":{"@id":"http:\/\/mecanitzatsrullo.com\/#website"},"datePublished":"2023-04-21T15:45:03+00:00","dateModified":"2023-05-26T06:59:30+00:00","description":"\u00a1Bienvenido a Mecanitzats Rullo! Tu empresa de mecanizados en Poliny\u00e1. Tenemos todo tipo de servicios de mecanizados.","breadcrumb":{"@id":"https:\/\/mecanitzatsrullo.com\/mecanizado-cnc\/#breadcrumb"},"inLanguage":"ca","potentialAction":[{"@type":"ReadAction","target":["https:\/\/mecanitzatsrullo.com\/mecanizado-cnc\/"]}]},{"@type":"BreadcrumbList","@id":"https:\/\/mecanitzatsrullo.com\/mecanizado-cnc\/#breadcrumb","itemListElement":[{"@type":"ListItem","position":1,"name":"Home","item":"https:\/\/mecanitzatsrullo.com\/"},{"@type":"ListItem","position":2,"name":"Mecanizado CNC"}]},{"@type":"WebSite","@id":"http:\/\/mecanitzatsrullo.com\/#website","url":"http:\/\/mecanitzatsrullo.com\/","name":"Mecanitzats Rullo","description":"Tu empresa de mecanizados","publisher":{"@id":"http:\/\/mecanitzatsrullo.com\/#organization"},"potentialAction":[{"@type":"SearchAction","target":{"@type":"EntryPoint","urlTemplate":"http:\/\/mecanitzatsrullo.com\/?s={search_term_string}"},"query-input":"required name=search_term_string"}],"inLanguage":"ca"},{"@type":"Organization","@id":"http:\/\/mecanitzatsrullo.com\/#organization","name":"Mecanitzats Rullo","url":"http:\/\/mecanitzatsrullo.com\/","logo":{"@type":"ImageObject","inLanguage":"ca","@id":"http:\/\/mecanitzatsrullo.com\/#\/schema\/logo\/image\/","url":"http:\/\/mecanitzatsrullo.com\/wp-content\/uploads\/2023\/04\/cropped-cropped-Black_And_White_Professional_Concept_Design_Workshop_And_Modification_Logo-removebg-preview.png","contentUrl":"http:\/\/mecanitzatsrullo.com\/wp-content\/uploads\/2023\/04\/cropped-cropped-Black_And_White_Professional_Concept_Design_Workshop_And_Modification_Logo-removebg-preview.png","width":512,"height":512,"caption":"Mecanitzats Rullo"},"image":{"@id":"http:\/\/mecanitzatsrullo.com\/#\/schema\/logo\/image\/"}}]}},"_links":{"self":[{"href":"http:\/\/mecanitzatsrullo.com\/ca\/wp-json\/wp\/v2\/pages\/208","targetHints":{"allow":["GET"]}}],"collection":[{"href":"http:\/\/mecanitzatsrullo.com\/ca\/wp-json\/wp\/v2\/pages"}],"about":[{"href":"http:\/\/mecanitzatsrullo.com\/ca\/wp-json\/wp\/v2\/types\/page"}],"author":[{"embeddable":true,"href":"http:\/\/mecanitzatsrullo.com\/ca\/wp-json\/wp\/v2\/users\/1"}],"replies":[{"embeddable":true,"href":"http:\/\/mecanitzatsrullo.com\/ca\/wp-json\/wp\/v2\/comments?post=208"}],"version-history":[{"count":2,"href":"http:\/\/mecanitzatsrullo.com\/ca\/wp-json\/wp\/v2\/pages\/208\/revisions"}],"predecessor-version":[{"id":244,"href":"http:\/\/mecanitzatsrullo.com\/ca\/wp-json\/wp\/v2\/pages\/208\/revisions\/244"}],"wp:attachment":[{"href":"http:\/\/mecanitzatsrullo.com\/ca\/wp-json\/wp\/v2\/media?parent=208"}],"curies":[{"name":"wp","href":"https:\/\/api.w.org\/{rel}","templated":true}]}}