{"id":2,"date":"2020-12-21T09:06:28","date_gmt":"2020-12-21T09:06:28","guid":{"rendered":"http:\/\/mecanitzatsrullo.com\/?page_id=2"},"modified":"2023-05-26T06:56:10","modified_gmt":"2023-05-26T06:56:10","slug":"sample-page","status":"publish","type":"page","link":"https:\/\/mecanitzatsrullo.com\/ca\/","title":{"rendered":"Casa"},"content":{"rendered":"<p><hr class=\"no_line\" style=\"margin: 0 auto 0px auto\"\/>\n<br>Background<br>http:\/\/mecanitzatsrullo.com\/wp-content\/uploads\/2023\/04\/Imagen-de-WhatsApp-2023-04-19-a-las-01.30.56.jpg<br>no-repeat;center bottom;;<br>cover<br><br><h3>Mecanitzats Rullo, des de l&#039;any 1987<\/h3>\r<br><hr class=\"no_line\" style=\"margin: 0 auto 0px auto\"\/>\n\r<br>M\u00e9s de 30 anys d&#039;experi\u00e8ncia en el sector.\r<br><hr class=\"no_line\" style=\"margin: 0 auto 0px auto\"\/>\n <a class=\"button  button_size_2\"  href=\"\"    ><span class=\"button_label\">Button<\/span><\/a>\n<br>Heading<br>center<br>#ffffff<br>no-repeat;left top;;<br>auto<br>60px 60px 45px<br><br>center<br>20px<br>20px<br>hide<br><br><h1>Mecanitzats Rullo \u00e9s la teva empresa<\/h1><br>hide<br><br><h4>Les marques amb les que treballem<\/h4><br>Heading<br>center<br>no-repeat;left top;;<br>auto<br>20px<br><br>5<br>menu_order<br>ASC<br><br>40<br><br>90<br>#dbe3e0<br><br><h2>La teva empresa de mecanitzats\u00a0<\/h2>\r<br><hr class=\"no_line\" style=\"margin: 0 auto 0px auto\"\/>\n\r<br>Mecanitzats Rullo \u00e9s una empresa de mecanitzat amb m\u00e9s de 30 anys d'experi\u00e8ncia en el sector. Fundada en 1987, la nostra empresa es dedica a oferir solucions de mecanitzat assequible en pe\u00e7a \u00fanica i s\u00e8ries curtes. Al llarg de la nostra hist\u00f2ria, ens hem comprom\u00e8s a oferir als nostres clients un servei d'alta qualitat, complint amb els terminis i requisits exigits.\r<br><hr class=\"no_line\" style=\"margin: 0 auto 0px auto\"\/>\n <a class=\"button  button_size_2\"  href=\"\"    ><span class=\"button_label\">Button<\/span><\/a>\n<br>Heading + button<br>no-repeat;left top;;<br>auto<br><br><img decoding=\"async\" src=\"http:\/\/mecanitzatsrullo.com\/wp-content\/uploads\/2023\/04\/pieza3vertical.jpg\" alt=\"pieza3vertical\" \/><br>center<br>31px 0 31px 0<br><br>\t\t\t<rs-module-wrap id=\"rev_slider_error_1_wrapper\">\n\t\t\t\t<rs-module id=\"rev_slider_error_1\">\n\t\t\t\t\t<div class=\"rs_error_message_box\">\n\t\t\t\t\t\t<div class=\"rs_error_message_oops\">Oops...<\/div>\n\t\t\t\t\t\t<div class=\"rs_error_message_content\">Slider with alias alias=&quot;fullscreen-menu&quot; not found.<\/div>\n\t\t\t\t\t<\/div>\n\t\t\t\t<\/rs-module>\n\t\t\t<\/rs-module-wrap>\n\t\t\t<script>\n\t\t\t\tvar rs_eslider = document.getElementById(\"rev_slider_error_1\");\n\t\t\t\trs_eslider.style.display = \"none\";\n\t\t\t\tconsole.log(\"Slider with alias alias=&quot;fullscreen-menu&quot; not found.\");\n\t\t\t<\/script>\n<br>hide<br><br><h2>Serveis de mecanitzat<\/h2>\r<br><h5>Serveis convencionals de mecanitzat i de CNC<\/h5><br>Heading<br>no-repeat;left top;;<br>auto<br><br>En Mecanitados Rullo ofrecemos servicios de mecanizado convencional y CNC, tanto en fresado como en torneado. Gracias a nuestro equipo de profesionales altamente cualificados, podemos trabajar con una amplia gama de materiales como aceros, aluminio, bronce, lat\u00f3n, pl\u00e1sticos t\u00e9cnicos, entre otros. Adem\u00e1s, nos aseguramos de utilizar las \u00faltimas tecnolog\u00edas en el sector para garantizar la calidad y precisi\u00f3n de nuestros trabajos.<br>Desc<br>no-repeat;left top;;<br>auto<br><br><h2>Ampli parc de maquin\u00e0ria<\/h2>\r<br>Gran varietat de m\u00e0quines\r<br><hr class=\"no_line\" style=\"margin: 0 auto 0px auto\"\/>\n\r<br>\u00a0<br>Heading + desc<br>no-repeat;left top;;<br>auto<br><br>A Mecanitzats Rullo oferim serveis de mecanitzat convencional i CNC, tant en fresat com en tornejat. Gr\u00e0cies al nostre equip de professionals altament qualificats, podem treballar amb una \u00e0mplia gamma de materials com acers, alumini, bronze, llaut\u00f3, pl\u00e0stics t\u00e8cnics, entre d'altres. A m\u00e9s, ens assegurem d'utilitzar les \u00faltimes tecnologies al sector per garantir la qualitat i precisi\u00f3 dels nostres treballs.\r<br><hr class=\"no_line\" style=\"margin: 0 auto 0px auto\"\/>\n <a class=\"button  button_size_2\"  href=\"\"    ><span class=\"button_label\">Button<\/span><\/a>\n <a class=\"button  button_size_2\"  href=\"\"    ><span class=\"button_label\">Button<\/span><\/a>\n<br>Desc<br>no-repeat;left top;;<br>auto<br><br>400<br><br><h2>Servei de mecanitzat convencional<\/h2>\r<br><hr class=\"no_line\" style=\"margin: 0 auto 0px auto\"\/>\n\r<br>A Mecanitzats Rullo som especialistes en la mecanitzaci\u00f3 convencional. Gr\u00e0cies al nostre equip de professionals altament qualificats ia les nostres m\u00e0quines d'\u00faltima generaci\u00f3, podem garantir la m\u00e0xima qualitat a cada treball de mecanitzat convencional que realitzem. Si busques un servei de mecanitzat convencional d'alta qualitat i precisi\u00f3, confia en nosaltres.\r<br><hr class=\"no_line\" style=\"margin: 0 auto 0px auto\"\/>\n <a class=\"button  button_size_2\"  href=\"\"    ><span class=\"button_label\">Button<\/span><\/a>\n<br>Heading + desc<br>no-repeat;left top;;<br>auto<br><br><h2>Servei de mecanitzat CNC<\/h2>\r<br><hr class=\"no_line\" style=\"margin: 0 auto 0px auto\"\/>\n\r<br>A Mecanitzats Rullo tamb\u00e9 oferim servei de mecanitzat CNC tant en fresat com en tornejat. Gr\u00e0cies a les nostres m\u00e0quines CNC d'\u00faltima generaci\u00f3 i al nostre equip de professionals altament qualificats, podem garantir la m\u00e0xima qualitat i precisi\u00f3 a cada treball de mecanitzat CNC que realitzem. Si busques un servei de mecanitzat CNC d'alta qualitat i adaptat a les teues necessitats, confia en nosaltres.\r<br><hr class=\"no_line\" style=\"margin: 0 auto 0px auto\"\/>\n <a class=\"button  button_size_2\"  href=\"\"    ><span class=\"button_label\">Button<\/span><\/a>\n<br>Heading + desc<br>no-repeat;left top;;<br>auto<br><br>400<br><br>400<br><br><h2>Materials que treballem<\/h2>\r<br><hr class=\"no_line\" style=\"margin: 0 auto 0px auto\"\/>\n\r<br>A Mecanitzats Rullo treballem amb una \u00e0mplia varietat de materials per adaptar-nos a les necessitats dels nostres clients. Entre els materials que utilitzem es troben acers al carboni i aliats, acers inoxidables, alumini, bronze, llaut\u00f3, pl\u00e0stics t\u00e8cnics i materials especials. El nostre equip de professionals est\u00e0 altament qualificat per treballar amb aquests materials i garantir la qualitat i la precisi\u00f3 en els treballs de mecanitzat.\r<br><hr class=\"no_line\" style=\"margin: 0 auto 0px auto\"\/>\n <a class=\"button  button_size_2\"  href=\"\"    ><span class=\"button_label\">Button<\/span><\/a>\n<br>Heading + desc<br>no-repeat;left top;;<br>auto<br><br><h2>Servei de fresat<\/h2>\r<br><hr class=\"no_line\" style=\"margin: 0 auto 0px auto\"\/>\n\r<br>A <a href=\"https:\/\/mecanitzatsrullo.com\/ca\/\">Mecanitzats Rullo<\/a> oferim un servei de fresat d\u00b4alta precisi\u00f3 gr\u00e0cies a les nostres fresadores d\u00b4\u00faltima generaci\u00f3. Treballem tant amb fresadores convencionals com amb fresadores <a href=\"https:\/\/www.mecanizadosgarrigues.es\/blog\/que-es-fresadora-cnc\/\">CNC<\/a>, cosa que ens permet oferir un servei personalitzat i adaptat a les necessitats de cada client. A m\u00e9s, utilitzem eines d'alta qualitat per garantir la precisi\u00f3 i la qualitat a cada treball de fresat.\r<br><hr class=\"no_line\" style=\"margin: 0 auto 0px auto\"\/>\n <a class=\"button  button_size_2\"  href=\"\"    ><span class=\"button_label\">Button<\/span><\/a>\n<br>Heading + desc<br>no-repeat;left top;;<br>auto<br><br>400<br><br>400<br><br><h2>Servei de tornejat<\/h2>\r<br><hr class=\"no_line\" style=\"margin: 0 auto 0px auto\"\/>\n\r<br>En Mecanitzats Rullo oferim un servei de convertir-se d&#039;alta precisi\u00f3 gr\u00e0cies a la nostra torns d&#039;\u00faltima generaci\u00f3. Treballem amb torns, torns convencionals, CNC, permetent-nos oferir un servei personalitzat adaptat a les necessitats de cada client. A m\u00e9s a m\u00e9s, fem servir eines d&#039;alta qualitat per a garantir la precisi\u00f3 i qualitat en cada obra d&#039;inflexi\u00f3.\r<br><hr class=\"no_line\" style=\"margin: 0 auto 0px auto\"\/>\n <a class=\"button  button_size_2\"  href=\"\"    ><span class=\"button_label\">Button<\/span><\/a>\n<br>Heading + desc<br>no-repeat;left top;;<br>auto<br><br><h2>Les preguntes?<\/h2>\r<br><div class=\"mfn_heading  align_left\"><h2 class=\"title\" > +34\u00a0 937 13 18 16<\/h2><\/div>\n\r<br><h2>Truqueu-nos\u00a0<\/h2>\r<br><hr class=\"no_line\" style=\"margin: 0 auto 0px auto\"\/>\n <a class=\"button  button_size_2\"  href=\"\"    ><span class=\"button_label\">Button<\/span><\/a>\n <a class=\"button  button_size_2\"  href=\"\"    ><span class=\"button_label\">Button<\/span><\/a>\n<br>Heading + buttons<br>center<br>no-repeat;left top;;<br>auto<br><br><\/p>","protected":false},"excerpt":{"rendered":"<p>Backgroundhttp:\/\/mecanitzatsrullo.com\/wp-content\/uploads\/2023\/04\/Imagen-de-WhatsApp-2023-04-19-a-las-01.30.56.jpgno-repeat;center bottom;;cover Mecanizados Rullo, desde 1987 M\u00e1s de 30 a\u00f1os de experiencia en el sector. Headingcenter#ffffffno-repeat;left top;;auto60px 60px 45px center20px20pxhide Mecanizados Rullo es tu empresa hide&hellip; <a class=\"continue\" href=\"https:\/\/mecanitzatsrullo.com\/ca\/\">Continue Reading<span> Casa<\/span><\/a><\/p>","protected":false},"author":1,"featured_media":0,"parent":0,"menu_order":0,"comment_status":"open","ping_status":"open","template":"","meta":{"footnotes":""},"class_list":["post-2","page","type-page","status-publish","hentry"],"yoast_head":"<!-- This site is optimized with the Yoast SEO Premium plugin v20.5 (Yoast SEO v20.5) - https:\/\/yoast.com\/wordpress\/plugins\/seo\/ -->\n<title>Home - Mecanitzats Rullo<\/title>\n<meta name=\"description\" content=\"\u00a1Bienvenido a Mecanitzats Rullo! Tu empresa de mecanizados en Poliny\u00e1. Tenemos todo tipo de servicios de mecanizados.\" \/>\n<meta name=\"robots\" content=\"index, follow, max-snippet:-1, max-image-preview:large, max-video-preview:-1\" \/>\n<link rel=\"canonical\" href=\"https:\/\/mecanitzatsrullo.com\/ca\/\" \/>\n<meta property=\"og:locale\" content=\"ca_ES\" \/>\n<meta property=\"og:type\" content=\"article\" \/>\n<meta property=\"og:title\" content=\"Home\" \/>\n<meta property=\"og:description\" content=\"\u00a1Bienvenido a Mecanitzats Rullo! Tu empresa de mecanizados en Poliny\u00e1. Tenemos todo tipo de servicios de mecanizados.\" \/>\n<meta property=\"og:url\" content=\"https:\/\/mecanitzatsrullo.com\/ca\/\" \/>\n<meta property=\"og:site_name\" content=\"Mecanitzats Rullo\" \/>\n<meta property=\"article:modified_time\" content=\"2023-05-26T06:56:10+00:00\" \/>\n<meta property=\"og:image\" content=\"http:\/\/mecanitzatsrullo.com\/wp-content\/uploads\/2023\/04\/pieza3vertical.jpg\" \/>\n<meta name=\"twitter:card\" content=\"summary_large_image\" \/>\n<meta name=\"twitter:label1\" content=\"Temps estimat de lectura\" \/>\n\t<meta name=\"twitter:data1\" content=\"5 minuts\" \/>\n<script type=\"application\/ld+json\" class=\"yoast-schema-graph\">{\"@context\":\"https:\/\/schema.org\",\"@graph\":[{\"@type\":\"WebPage\",\"@id\":\"https:\/\/mecanitzatsrullo.com\/\",\"url\":\"https:\/\/mecanitzatsrullo.com\/\",\"name\":\"Home - Mecanitzats Rullo\",\"isPartOf\":{\"@id\":\"http:\/\/mecanitzatsrullo.com\/#website\"},\"datePublished\":\"2020-12-21T09:06:28+00:00\",\"dateModified\":\"2023-05-26T06:56:10+00:00\",\"description\":\"\u00a1Bienvenido a Mecanitzats Rullo! Tu empresa de mecanizados en Poliny\u00e1. Tenemos todo tipo de servicios de mecanizados.\",\"breadcrumb\":{\"@id\":\"https:\/\/mecanitzatsrullo.com\/#breadcrumb\"},\"inLanguage\":\"ca\",\"potentialAction\":[{\"@type\":\"ReadAction\",\"target\":[\"https:\/\/mecanitzatsrullo.com\/\"]}]},{\"@type\":\"BreadcrumbList\",\"@id\":\"https:\/\/mecanitzatsrullo.com\/#breadcrumb\",\"itemListElement\":[{\"@type\":\"ListItem\",\"position\":1,\"name\":\"Home\",\"item\":\"https:\/\/mecanitzatsrullo.com\/\"},{\"@type\":\"ListItem\",\"position\":2,\"name\":\"Home\"}]},{\"@type\":\"WebSite\",\"@id\":\"http:\/\/mecanitzatsrullo.com\/#website\",\"url\":\"http:\/\/mecanitzatsrullo.com\/\",\"name\":\"Mecanitzats Rullo\",\"description\":\"Tu empresa de mecanizados\",\"publisher\":{\"@id\":\"http:\/\/mecanitzatsrullo.com\/#organization\"},\"potentialAction\":[{\"@type\":\"SearchAction\",\"target\":{\"@type\":\"EntryPoint\",\"urlTemplate\":\"http:\/\/mecanitzatsrullo.com\/?s={search_term_string}\"},\"query-input\":\"required name=search_term_string\"}],\"inLanguage\":\"ca\"},{\"@type\":\"Organization\",\"@id\":\"http:\/\/mecanitzatsrullo.com\/#organization\",\"name\":\"Mecanitzats Rullo\",\"url\":\"http:\/\/mecanitzatsrullo.com\/\",\"logo\":{\"@type\":\"ImageObject\",\"inLanguage\":\"ca\",\"@id\":\"http:\/\/mecanitzatsrullo.com\/#\/schema\/logo\/image\/\",\"url\":\"https:\/\/mecanitzatsrullo.com\/wp-content\/uploads\/2023\/04\/cropped-cropped-Black_And_White_Professional_Concept_Design_Workshop_And_Modification_Logo-removebg-preview.png\",\"contentUrl\":\"https:\/\/mecanitzatsrullo.com\/wp-content\/uploads\/2023\/04\/cropped-cropped-Black_And_White_Professional_Concept_Design_Workshop_And_Modification_Logo-removebg-preview.png\",\"width\":512,\"height\":512,\"caption\":\"Mecanitzats Rullo\"},\"image\":{\"@id\":\"http:\/\/mecanitzatsrullo.com\/#\/schema\/logo\/image\/\"}}]}<\/script>\n<!-- \/ Yoast SEO Premium plugin. -->","yoast_head_json":{"title":"Home - Mecanitzats Rullo","description":"\u00a1Bienvenido a Mecanitzats Rullo! Tu empresa de mecanizados en Poliny\u00e1. Tenemos todo tipo de servicios de mecanizados.","robots":{"index":"index","follow":"follow","max-snippet":"max-snippet:-1","max-image-preview":"max-image-preview:large","max-video-preview":"max-video-preview:-1"},"canonical":"https:\/\/mecanitzatsrullo.com\/ca\/","og_locale":"ca_ES","og_type":"article","og_title":"Home","og_description":"\u00a1Bienvenido a Mecanitzats Rullo! Tu empresa de mecanizados en Poliny\u00e1. Tenemos todo tipo de servicios de mecanizados.","og_url":"https:\/\/mecanitzatsrullo.com\/ca\/","og_site_name":"Mecanitzats Rullo","article_modified_time":"2023-05-26T06:56:10+00:00","og_image":[{"url":"http:\/\/mecanitzatsrullo.com\/wp-content\/uploads\/2023\/04\/pieza3vertical.jpg"}],"twitter_card":"summary_large_image","twitter_misc":{"Temps estimat de lectura":"5 minuts"},"schema":{"@context":"https:\/\/schema.org","@graph":[{"@type":"WebPage","@id":"https:\/\/mecanitzatsrullo.com\/","url":"https:\/\/mecanitzatsrullo.com\/","name":"Home - Mecanitzats Rullo","isPartOf":{"@id":"http:\/\/mecanitzatsrullo.com\/#website"},"datePublished":"2020-12-21T09:06:28+00:00","dateModified":"2023-05-26T06:56:10+00:00","description":"\u00a1Bienvenido a Mecanitzats Rullo! Tu empresa de mecanizados en Poliny\u00e1. Tenemos todo tipo de servicios de mecanizados.","breadcrumb":{"@id":"https:\/\/mecanitzatsrullo.com\/#breadcrumb"},"inLanguage":"ca","potentialAction":[{"@type":"ReadAction","target":["https:\/\/mecanitzatsrullo.com\/"]}]},{"@type":"BreadcrumbList","@id":"https:\/\/mecanitzatsrullo.com\/#breadcrumb","itemListElement":[{"@type":"ListItem","position":1,"name":"Home","item":"https:\/\/mecanitzatsrullo.com\/"},{"@type":"ListItem","position":2,"name":"Home"}]},{"@type":"WebSite","@id":"http:\/\/mecanitzatsrullo.com\/#website","url":"http:\/\/mecanitzatsrullo.com\/","name":"Mecanitzats Rullo","description":"Tu empresa de mecanizados","publisher":{"@id":"http:\/\/mecanitzatsrullo.com\/#organization"},"potentialAction":[{"@type":"SearchAction","target":{"@type":"EntryPoint","urlTemplate":"http:\/\/mecanitzatsrullo.com\/?s={search_term_string}"},"query-input":"required name=search_term_string"}],"inLanguage":"ca"},{"@type":"Organization","@id":"http:\/\/mecanitzatsrullo.com\/#organization","name":"Mecanitzats Rullo","url":"http:\/\/mecanitzatsrullo.com\/","logo":{"@type":"ImageObject","inLanguage":"ca","@id":"http:\/\/mecanitzatsrullo.com\/#\/schema\/logo\/image\/","url":"https:\/\/mecanitzatsrullo.com\/wp-content\/uploads\/2023\/04\/cropped-cropped-Black_And_White_Professional_Concept_Design_Workshop_And_Modification_Logo-removebg-preview.png","contentUrl":"https:\/\/mecanitzatsrullo.com\/wp-content\/uploads\/2023\/04\/cropped-cropped-Black_And_White_Professional_Concept_Design_Workshop_And_Modification_Logo-removebg-preview.png","width":512,"height":512,"caption":"Mecanitzats Rullo"},"image":{"@id":"http:\/\/mecanitzatsrullo.com\/#\/schema\/logo\/image\/"}}]}},"_links":{"self":[{"href":"https:\/\/mecanitzatsrullo.com\/ca\/wp-json\/wp\/v2\/pages\/2","targetHints":{"allow":["GET"]}}],"collection":[{"href":"https:\/\/mecanitzatsrullo.com\/ca\/wp-json\/wp\/v2\/pages"}],"about":[{"href":"https:\/\/mecanitzatsrullo.com\/ca\/wp-json\/wp\/v2\/types\/page"}],"author":[{"embeddable":true,"href":"https:\/\/mecanitzatsrullo.com\/ca\/wp-json\/wp\/v2\/users\/1"}],"replies":[{"embeddable":true,"href":"https:\/\/mecanitzatsrullo.com\/ca\/wp-json\/wp\/v2\/comments?post=2"}],"version-history":[{"count":2,"href":"https:\/\/mecanitzatsrullo.com\/ca\/wp-json\/wp\/v2\/pages\/2\/revisions"}],"predecessor-version":[{"id":237,"href":"https:\/\/mecanitzatsrullo.com\/ca\/wp-json\/wp\/v2\/pages\/2\/revisions\/237"}],"wp:attachment":[{"href":"https:\/\/mecanitzatsrullo.com\/ca\/wp-json\/wp\/v2\/media?parent=2"}],"curies":[{"name":"wp","href":"https:\/\/api.w.org\/{rel}","templated":true}]}}